{"id":48,"date":"2023-06-12T21:05:33","date_gmt":"2023-06-12T20:05:33","guid":{"rendered":"https:\/\/ju-jutsu.fi\/?page_id=48"},"modified":"2024-08-10T16:40:28","modified_gmt":"2024-08-10T13:40:28","slug":"sponsorit-ja-yhteistyokumppanit","status":"publish","type":"page","link":"https:\/\/ju-jutsu.fi\/index.php\/sponsorit-ja-yhteistyokumppanit\/","title":{"rendered":"Sponsorit ja yhteisty\u00f6kumppanit"},"content":{"rendered":"\n<p>Meill\u00e4 on hyv\u00e4t harraste tilat Parikkalassa ja pysty\u00e4ksemme tarjoamaan harrastajille j\u00e4rkev\u00e4n ja matalan kynnyksen harrastuksen, tarvitsemme toimintamme tueksi teit\u00e4; yrityksi\u00e4 ja sponsoreita. Teid\u00e4n tukenne auttaa pit\u00e4m\u00e4\u00e4n harrastus kustannukset j\u00e4rkevin\u00e4 ja varmistaa laadukas harjoittelu.<\/p>\n\n\n\n<p>Tarjoamme yrityksille erilaisia mainos\/sponsori\/yhteisty\u00f6 ehdotelmia, jolloin molemmat hy\u00f6tyv\u00e4t yhteisty\u00f6st\u00e4. Mik\u00e4li sinua kiinnostaa, ota yhteytt\u00e4 seuraan.   My\u00f6s jos yrityst\u00e4si kiinnostaa tyky-p\u00e4iv\u00e4 itsepuolustuksellisen liikunnan parissa..<\/p>\n\n\n\n<p>Alla on seuraamme tukevia yrityksi\u00e4 ja henkil\u00f6it\u00e4 vuonna 2024<\/p>\n\n\n\n<p><\/p>\n\n\n\n<h2 class=\"wp-block-heading\">Yhteisty\u00f6kumppanit <\/h2>\n\n\n\n<p>(Aakkos j\u00e4rjestyksess\u00e4, ja p\u00e4\u00e4sponsorit ensin)<br><\/p>\n\n\n\n<figure class=\"wp-block-image size-large\"><img loading=\"lazy\" decoding=\"async\" width=\"1024\" height=\"303\" src=\"http:\/\/ju-jutsu.fi\/wp-content\/uploads\/2023\/06\/logo_2000px-1-1024x303.jpg\" alt=\"\" class=\"wp-image-54\" srcset=\"https:\/\/ju-jutsu.fi\/wp-content\/uploads\/2023\/06\/logo_2000px-1-1024x303.jpg 1024w, https:\/\/ju-jutsu.fi\/wp-content\/uploads\/2023\/06\/logo_2000px-1-300x89.jpg 300w, https:\/\/ju-jutsu.fi\/wp-content\/uploads\/2023\/06\/logo_2000px-1-768x227.jpg 768w, https:\/\/ju-jutsu.fi\/wp-content\/uploads\/2023\/06\/logo_2000px-1-1536x455.jpg 1536w, https:\/\/ju-jutsu.fi\/wp-content\/uploads\/2023\/06\/logo_2000px-1.jpg 2000w\" sizes=\"auto, (max-width: 1024px) 100vw, 1024px\" \/><\/figure>\n\n\n\n<div class=\"wp-block-group is-style-plain has-bluish-dark-grey-background-color has-background\"><div class=\"wp-block-group__inner-container is-layout-flow wp-block-group-is-layout-flow\">\n<p class=\"has-background\" style=\"background-color:#58586166\"><strong>BETONIPALIKKA.FI \/ KARJALAN BETONI OY<\/strong><\/p>\n\n\n\n<p class=\"has-background\" style=\"background-color:#58586166\"><em>&#8221; Betonipalikka.fi \/ Karjalan Betoni Oy on ymp\u00e4ri Suomen toimiva betonialan yritys. <\/em><br> <em>It\u00e4-Suomessa p\u00e4\u00e4-asiassa valmisbetonia toimittava ja muualla Suomessa erilaisia betonituotteita<\/em> <em>ja projekteja toimittava varma toimija alallaan. <br>  <\/em><br> <em>Parikkalan Ju-jutsussa vahvasti mukana !!! &#8220;<\/em><br><a href=\"https:\/\/betonipalikka.fi\/\" target=\"_blank\" rel=\"noreferrer noopener\">https:\/\/betonipalikka.fi\/<\/a> &amp; <a href=\"https:\/\/karjalanbetoni.fi\/\" target=\"_blank\" rel=\"noreferrer noopener\">https:\/\/karjalanbetoni.fi\/<\/a><\/p>\n<\/div><\/div>\n\n\n\n<figure class=\"wp-block-image size-full\"><img loading=\"lazy\" decoding=\"async\" width=\"208\" height=\"54\" src=\"https:\/\/ju-jutsu.fi\/wp-content\/uploads\/2023\/11\/image-1.png\" alt=\"\" class=\"wp-image-129\"\/><\/figure>\n\n\n\n<p class=\"has-background\" style=\"background-color:#5858615c\"><strong>IMATEX FINLAND OY<\/strong><\/p>\n\n\n\n<p class=\"has-background\" style=\"background-color:#5858615c\">&#8220;<em>Teemme kaikenlaisia kappaleita lujitemuovista ja teknisist\u00e4 muoveista<\/em>.<br><br> <em>Parikkalan ju-jutsussa vahvasti mukana !!! &#8220;<\/em><br><a href=\"https:\/\/imatex.fi\/\" target=\"_blank\" rel=\"noreferrer noopener\">https:\/\/imatex.fi\/<\/a><\/p>\n\n\n\n<figure class=\"wp-block-image size-full\"><img loading=\"lazy\" decoding=\"async\" width=\"600\" height=\"250\" src=\"http:\/\/ju-jutsu.fi\/wp-content\/uploads\/2024\/08\/image001.png\" alt=\"\" class=\"wp-image-239\" srcset=\"https:\/\/ju-jutsu.fi\/wp-content\/uploads\/2024\/08\/image001.png 600w, https:\/\/ju-jutsu.fi\/wp-content\/uploads\/2024\/08\/image001-300x125.png 300w\" sizes=\"auto, (max-width: 600px) 100vw, 600px\" \/><\/figure>\n\n\n\n<p class=\"has-background\" style=\"background-color:#5858615c\">L\u00c4HITAPIOLA, SAVO-KARJALA<\/p>\n\n\n\n<p class=\"has-background\" style=\"background-color:#5858615c\">&#8220;Liikunnan riemussa mukana &amp;<br><br> <em>Parikkalan ju-jutsussa vahvasti mukana !!! &#8220;<\/em> https:\/\/www.lahitapiola.fi<\/p>\n\n\n\n<figure class=\"wp-block-image size-large\"><img loading=\"lazy\" decoding=\"async\" width=\"1024\" height=\"575\" src=\"http:\/\/ju-jutsu.fi\/wp-content\/uploads\/2023\/06\/322197342_1224251218449081_6816189563145899134_n-1024x575.jpg\" alt=\"\" class=\"wp-image-66\" srcset=\"https:\/\/ju-jutsu.fi\/wp-content\/uploads\/2023\/06\/322197342_1224251218449081_6816189563145899134_n-1024x575.jpg 1024w, https:\/\/ju-jutsu.fi\/wp-content\/uploads\/2023\/06\/322197342_1224251218449081_6816189563145899134_n-300x169.jpg 300w, https:\/\/ju-jutsu.fi\/wp-content\/uploads\/2023\/06\/322197342_1224251218449081_6816189563145899134_n-768x432.jpg 768w, https:\/\/ju-jutsu.fi\/wp-content\/uploads\/2023\/06\/322197342_1224251218449081_6816189563145899134_n-160x90.jpg 160w, https:\/\/ju-jutsu.fi\/wp-content\/uploads\/2023\/06\/322197342_1224251218449081_6816189563145899134_n.jpg 1365w\" sizes=\"auto, (max-width: 1024px) 100vw, 1024px\" \/><\/figure>\n\n\n\n<div class=\"wp-block-group is-style-plain has-bluish-dark-grey-background-color has-background\"><div class=\"wp-block-group__inner-container is-layout-flow wp-block-group-is-layout-flow\">\n<p class=\"has-background\" style=\"background-color:#5858615c\"><strong>NESTE SIMPELE<\/strong><\/p>\n\n\n\n<p class=\"has-background\" style=\"background-color:#5858615c\">&#8220;<em>Yst\u00e4v\u00e4llinen henkil\u00f6kuntamme toivottaa sinut l\u00e4mpim\u00e4sti tervetulleeksi viihtyis\u00e4lle taukopaikalle Simpeleell\u00e4, aivan 6-tien vieress\u00e4<\/em>.<br><br> <em>Parikkalan ju-jutsussa vahvasti mukana !!! &#8220;<\/em><br><a href=\"https:\/\/www.facebook.com\/nestesimpele\/?locale=fi_FI\" target=\"_blank\" rel=\"noreferrer noopener\">https:\/\/www.facebook.com\/nestesimpele\/?locale=fi_FI<\/a><\/p>\n\n\n\n<p class=\"has-background\" style=\"background-color:#5858615c\"><strong>Parikkalan Kunta<\/strong><\/p>\n\n\n\n<p class=\"has-background\" style=\"background-color:#5858615c\"><img decoding=\"async\" src=\"data:image\/png;base64,iVBORw0KGgoAAAANSUhEUgAAAaUAAABrCAYAAADXR53eAAAAAXNSR0IArs4c6QAAAARnQU1BAACxjwv8YQUAAAAJcEhZcwAADsMAAA7DAcdvqGQAABiOSURBVHhe7Z1f6G3HVcfPjSClKgia1iI0kbaaVKFWQRG5N\/hgQ4IP4pViaW+Qgm0VsS8+KLkRMUkfK+pLTDHUxD8QbV6UhgREciMIPrSlFFPTgrn6YG2vglat+JD4++xz1u+3Mr81e8\/sf2fO+X0\/sDnn7DN7\/q2ZtWbWzN770m1XH3ttI4QQQjTAbbtPIYQQYu\/IKAkhhGgGGSUhhBDNIKMkhBCiGWSUhBBCNIOMkhBCiGaQURJCCNEMMkpCCCGaQUZJCCFEM8goCSGEaAYZJSGEEM0goySEEKIZZJSEEEI0g4ySEEKIZpBREkII0QwySkIIIZpBRkkIIUQzyCgJIYRoBhklIYQQzSCjJIQQohlklIQQQjSDjJIQQohmkFESQgjRDDJKQgghmuHSbVcfe233vVnuuP1bNx+48vbu+z3vfEv3ecft39adv\/m1\/+p+3\/za10+\/P3Xjy5sbf\/8v3XchhBCHQ7NGyQwRRujKzhDVgIHCUGGgnnrhS7uzQgghWqY5o2TG6KGf\/aHdmX7M+PDJtZEB478nX3h58+inPrc7I4QQokWaMUq1xgj33C889mJncDzEg2vv8t1vPjfLknESQoi2acIoYTief+i+3a9hMEjvefjZ3a9+rt3zjs0nPnJ592sLxuk9D3\/6nEETQgixX\/a+++7Bqz+4ea7CIMEjFTOda7sNEh5mU88\/dH+XthBCiHbY20wJw8AMpnYTA5sWcNuV4GdJD\/\/5Z07ddubiA+3SWwfq\/PETWdx5Uu99LlTC+Z2WzGZL5T0EccNS8e8Dq68XX\/pXteULgsn8j258+Si9PXszSrjrxuyq+75febpYED6NN7zvie5zTazxoPzMCA6BYrnx0ldOvx9Do4vcs9HggnDPXb9vc+nS7sQJNYOQISJX7pzxrw0zfVuDxZ190Y1Sbgng3pO6maLkaJfXA6\/KCyf1vfb6NDK\/fiJzukiNLjwk9uK+G2uQUCClQkABWRr7UDoYpH\/43fd2SoN88LvkMMXJcSwuxsiFSjkpr6iHerO2JV4PfS06pkD7jeJkdroWpGcyd2O2o2R1o4SSpYLH8MinPrv7Nsz1q+\/uPjFiGLO1sfSngPKhEdIYUeKHiozPvDBYUZ2eJ7fWbO7aseT01ZozUwbyF0XmqxolhDt2dMeaUM0syQRYY8jmZKzhjaAsGLk541wTbmBOORbXpGgH7leMmNJvuDYyBvsY6F4UVjNKCDbn8y3hY8+U+279LAnlR9o0rhaUOo05d\/SNvChDuh5yKFA2BhXm10cuNTsohSjB+nuK9f8xRK5niAZaYh5W2+iAQh3rgmJNCMVWgq3J9EHj9c\/Ke2U3wrKbbWvSy4HLLR1hkR6Lk31YB8KwpteD30V4aFAeq\/MIyq2NDsNEbUsbHbbQhqLB71g5R3UNa2+c+t8\/\/eDu2xna6DABhDrWIFHpNQaiZC2H\/NB4yRMHLkUOzsEc60FjsfJyc+8rXz3f4B6453t33w6PY+xAoi3mdOFxTWSQavSRqGcVozTF7VSzJoSB8Y2IkSMNiIPvpUpxihGdC\/L6od8\/P7Ijb1FHEUJs+81cLrxcP9vXOvVFYXH3HQ1h7FoSjav0cUJgU+2+67ZKffvaiyt3f9fpOaBB48qb40bEse47D9cTT0qJq8bStvujfF5yHXcsxB2l40eUkUJI80CYse47nwePd9My0BjrviuJv49cHY2RxVT3nV1LftJ45mwbUTpWV3O2v5Sczql1fUf1TL5LdRLXziXzOdx3lh8+3\/qd37L5p1v\/3Z2fU+ZzsLhR8jf41VLT0bzCqbluKeYwSkDnShV61LmswUUPoo2whlj77inS8U9EyKXjyxopCdJMOzfhxhilKH5I63usUeqL\/66PPr15LelBtbIA4mIE7g15jlqj5GVmN172QV7GPLiYci7d\/kqgvNFgLm0PQ0SGgLYSyWiMzK38JTIfa5RM9rj90zbjMXnQBofiXJrF3XfXroxbA6GCahrrgz+zXQdCwHM38tbgUT2GKUw6IZ9+bawPGihKmmtKbtAlvKWTrsHtE8tXRMkMaIhc\/HRc4vcGydcRnzV1xLUYzEiZjgW5osy8zEpuvCQvhOW6kvwThnRqykwaNe2vBmSTMxyl8iBvEaluIb6xMiccMp+7\/AZlMNlT9j7O5LH\/G\/YXN0pDlZGjZsswlXjHm7bpHNtWTZv+e+wxREZpJ8hBo01nECkPNnqfVC7fPFpm6uCEtpuLH4MUxT+1jkhzLsPEiH0KVv6+MhEGZTyFkvZXS04PMJMpIdrshKGLZhFr9L9a0Ilj4kSe5GeqTKewqFHqRhslQ7OE2tkOlUgyxzhLopGk+DLmdht5bGreVzfIqq9zXbtSvvGD9EryNRU6TpRnXFk8l2wqj384Vshj3cPbejmTRaTgAJnnRuo15OI3fF5y5SEv0XPfjKkK2Rhqf7Xk2l\/p7tWw3yWDQRhq56Uyn7P8GCTctBGkj\/ufo09fkheM2gj1PZlF15Qo1JjOVdPpEQBGCahoSP2n1hBsUZrGxaf9juB6BNPXkPpgtJs2bOKp8Wn7snnSeyS8v5k0WA\/IbdawckX3QRE+XecxvvEnH3zdWg\/QqEs2hpBeOvKK0iJc6ZpSn0HK5YW2mI4e54wf\/HVDsgBk8Nz1+zd37mb6RlQ\/RtS2onz59mN5gdxaEXGy\/hC1uVy5ozZKWoS1tgH8Jn5m\/hi5qG77yjyGXP8ZkmHUTiB3b5KXR6nMo0dF9ZW\/dE2Jek37GhAuN7vP5QfwOMwxwKthlS3hNdTOdnyj4ztHWrn85kBg1uAQHI3JfO528NvOES7qPGtAfq9fPd+hqJ8UGhuNmU5DQ0Xp5OqQxplTxJGrEKLGao28L62l4BUYkVwYlMyRl5zcc53ag9u5VBZAPd77yPkXTpJ+VO81oBipE5+XnEEC8sD\/URsrdXsBStm3DSs\/8fOd+onSyLW\/sZhBTBkqS851l4PNAbUy5z7ElDnKHz2BgryQr1yeLD\/R\/xj2tVnUKI1R6DX3APjRjDV4m5rSSBAEnxx0klzDMqMVKQG2Tq6F5YGGgFFMZyYQ+copV18niCA8deaJyt8a1E00+6YO+hRuKbn4aVN9ismgXmtlgRwiN9BUJUU+xtTJGuuy9PNo1+Kcg8CcLIZceFE\/eDFw3Rlj+p\/pK4\/1\/ymEfaNAnuQnWsdHHnPKpITmZkqpouwDAaYGiE5oIxUTPAcNB8Nk4UoUzBL4WZk\/\/IwtcjkAZa1t\/H3EirBdw0TnoG5SW02dINupWPwpxD+HwetjbRdJH1G78Ds+5yBSyktAvabrE7TxnKKNlDo8dWN+fRHJfMpAJJv3Ql2HPCKZ1MyS52BRo1Sr4GoNhRmhmsZtnaHU+s\/ZGamP3DEEeZ5bMdYMAPYN8op85XPRF\/8h1dOhU9IXauDtrNEb\/nKKNnJ\/dXppsZX3+bCHAXhqdWpkKKfu4qylqZlSqaGYCiOKuRv\/kthssBbKSJ3mjkOpA\/LZZ5CsPGPh2iXjhyFZzD0T6YO8DOVnDW7eWt7Y52ZkORdeVHbcX2Ns0toyJ70Ue9h0KdE63NxrfUMsapRqR5hU6hoLazUPXK0V6lxYZ7KF0xKs\/lCw5g7ke+6gY7QOZWJn0BC5VwwMsY2\/fwZGmNr4a2WRc73MBfGzBuvdxFE+OPxa7TFw46XITXbehZeTQaknZt8yj4yHPUrokFjYKNUrdHz6pYaJRsBRQ+0saU6hYmiY9fQdzIhsFw\/fSw07dUYnoP4OwdiUQllK5EW4MeUuvaYm\/pZkQd2RFwzN0oavVToXXkDqwsu67gpA5l9ssP\/VTgxaWGdubqMDIFg6EoI2ZcBB5XBwnpEGYWqnlrWvpagVah8InFlP31E6KvNQF9TZRQB5cO9ECu1i7GzJQ\/1HrtLS+FuSBX1m20fWVSqtQZuJ+lW6VhIZk5LdwCbzfdxoOsQhyn5RoxTtfCmFykTQCNwOOhgH52lANLQaJV47S4Ixs701yd2zQ0dk5sWuNJRsdIwxgPuEMjGDpF1FeaceoroohTitXnLx97WfXPomiz558N\/c0GcifNvIHcdGtIDv5RXNImkD1FUfXDck80jeHLWbEIaIdFXtLS25sqzJokapWzRbcNdK7Su17aGtNawtkFqu3H2+EdHYbS2K76Zk06P1snnIK2UyItljMMbOlogfRWEQf3QfTd9MO3ocD\/V8104WffKY2\/efc9Uxy\/RtI3ccG0MuvA9cDlx3Bff3RO0NeVodc6SytmON9eo5NlOQ1zVpbk2pFDpOTWV1s6TkUS5DtN45GdVEI\/djHOmmZbKOneJHvzWkd9j3xZ+bLUXpku+ScdncN2lH24MZtUczhosAg45InubCi2QXhU+JrvODmzXJzQZriNrN2ixslOKGMAc1T34ARri1Pt\/oAYwt0SnHpFDHOMpFsUftqG+2VCNr4o9mjY8+E8dfsy4ZxbsGkeGcezZ2aEQzH5Q2m0Ci5zoOyS6q46X0XQnRbJA81him0I25sh5cfKND1LGnwoivprN3s6SgAQ3RuoLv6iBwMR0bOTmgACIlQCesqYc54o\/S25dBmsoxtiHIGYxIaY9VxGvf0+OhvUVl7HvKuye6FYA419aDixslXHhzd078tDXU7riD1g0SRO5ROkXJyAjFcwjKJ6dIjNxsifc\/lTAk51z8aZuijaftfJuPYYVAuLlvpIxcOaUzyEixHkJbGSKntKOylfT\/SK8RV2n\/W+KG6ai9kp+hXZi002iW9GilR2oOVjBK29c8z0XtesnYWdKceV6KnCJkxGPb6e0c3znnt9NHnYcbVUs61VpEHd+DkokUDWUYI\/eUvvhTokECTw4wWZCfnCwihWByHEN0Zz7p2m5NywsHaVteuOkz2rWHoRqbl5Yo2bxQMyCN2obvf2kd899SMgfyE+WfPNC3iZ90yZu1Q9vRnJKLa2kWfZ+SYRXC5xRQUH4HVglDI4QIBFFr\/FKidBHy3IugNDAa2txQfmuQlOOLv\/P6p5bXyILGnyq6qC4IV\/o+JU8UP6TXRnU1Nf4PnVxrHYh6Qu5zQ13f9dGnT3cDRm2LuvQKkv8pK3mfE\/JCmW0mhlJLFRru9RJvBgbygUQx+3a3BCUyqsnDUjJP+weDhRT6XzRoI0\/RO7pqGKNr52LxmRJQwDlmHkPKI4UOk3beEmrT2Sd0HpTARYYO7BWygUIeI\/+Uvvi9P4x2vkTb6dKuHDpaXiKlNQXqM3psz6FAffT1F+q6xiguJfMpuyTJE+\/oGqsXqIN9GSRYxShBrmOXMub6aEo6xCEqeEalNQqIcNY5uY7Dd0TqecnR6hKUrv2MJRc\/r0z3UG906Jq2arIweaR1z7kx7gziZat7TZvmGtK3vPDpy9LlZXHfyrKwSy2qk2191XsyTOY1hmRI5rXr5inEb3qhtC1yDeHn9ubUsor7zqATj3Xj1b6WN3IrDIHwSGeOCon8xQi9RlnVQr2au4b7DfhNmnaTHusMfekTHpcPCtiH8\/EaNWUpvX5qOkN1vnT8KZaeyQKsDZfIgleTQ6qgonykSi3F58V+k\/f0leURlhfu6YlcrlY2g3iIe4gp106FdFkns5tn2S4\/VIclmGymyDzKyxiZe4g7J3+YagTnZFWjBFRGrQ+Wyve++xIiH2wfNJZ9jxCEEOKis5r7zsA6M0WsgfWoGoNUu\/A\/Jk9CCCHmZ3WjBMx8Ip9uBOFqpvPMxKKpbg4zSDVpCCGEWIa9GCWwRbghan2dNbMkDFHtorQQQojl2JtRAmZMGIVXvhrPUmpdat1C3slRgqUthBCiHfZqlIDZSrSnnvM1u0swRtENjinEa9swhRBCtMU3XXrnT\/3m7vve+I\/\/+b\/Niy99ZfPUjS9tvv2N37x5153fsfn8zX\/bcGv\/52\/++y5UHrZ\/f+IXr\/Q+1wtj9HvPfmHz3o\/\/VZeWEEKI9lh9S3gJbFbwj0jBoLDuY0\/u5TdheAcNzxbjew7CPvnCy03twxdCCBHTpFEyMDZ2w1ftjjoM0dDNakIIIdqiaaOUgpHiLmybGWGs7I5k7oK2GZU4A6Nud60bfXevU7f2JAEerc\/sdCisPYKfsF4GyOenf\/R7uu+3\/vMbm48987lucGF3ledgve8n3\/Xdm\/ve\/dbu9z\/f+vrmt\/\/yC5v3X3775offdnt37rP\/eKvLl+22pB2ks2H7z8rw8Z\/\/se43\/Oof\/u3m1V3LHyoH\/w89roinT\/u2h0uZ+LjHjrhKMFlFrzTw8VvcqWysbv15wkJfnGn5DeLh\/yj\/Pq9pfcHP\/fjbNj\/yjjd133HFf\/KvX+6+Gz7NoTqqCSsOn4MySqIOOnP6dG+Djp3uPsw9momw9z786RPFf6YMcmEBhYhhQUE+\/xv3d+d+688+0xklDEXfrNfyhVH6i1+7tzv363\/8d6dG6Q9+6Up3jvhJh80tKMi0PKRhRsnCPvvgfZuf+IGtS\/iN739i8+qrW+Wa2yBDnDw7joHQ0CYaSwMsT0Ac\/gnfffQ9hYQnmjx5Er8vF3GTrhkDnrB+z\/e\/pdvIg4FG\/n1PT+EJJlzbJ5M0DeLk6d72GvEUqweM0id\/+Z7u3Ece\/5tzRimto76dsP6p6ENhxeGz9913Yjn8y9rMUJjipJPbKBq8kUEBEdZ2RBL2uYe2xsWwsCgJwhEv34dgdE54Dh\/eztU+Td7ej0MeTcnBZTcbszJHmIIHK4dXwOSR9yRZ\/nxcfLfzviw+H12+7o4VuIdwhtW\/P+z5aX6WyTV9bxWN5O8PX06DZz9irCgTpGlQX2aQKLOvL\/Dfc1A\/5+rI\/fZgLH3++sKK40BG6YJgLh2vjPxo1xsklBJh\/Q3OKAMzYl4pYEQsHCNYjj7DQvyE5\/AvxbNzpFuDV4LeTWmGYCg+U3iWL8pB+SmHPQsR5Xuav50RBOrUzls+\/IzDzuF6qgEDRL794Y2eJ1XwOUz+\/ojgtRRWF5amfVI2S4sw1JHV1xve90T3O5dPD2\/ANayOUhezYUbYwkEurDgOZJQuIDaC9srG8EoXvDI4GyGfGRPWWjBWpqyIs0QxzQVpWR4tf93oeveCM5RxH3YtdeLdWD7eGkzhovRPZzcFRsPD2gn58EeKr2M\/28uBcvfxDeUJY31qsHd16GdpNljxlMrd0vZ1xC7aCCu7rX9BznUojgMZpQsCxgM\/PusWpmxSAxSBojFl442Zd+8wyyJufP\/eJbgWZy68bf64VcDIzQgMlCvloRwoQBQ8dURZ7tzVUw2nCvckT\/ZKCOKuMUyWDzswdOmyoLkUweKP1g6NKM4I1qWQJa+YMaI6tDaxDbs9iHcI8mHtj\/ca9dWRGSTAINk7rQhXU5\/isJBRuiCknR6FZiNPUzA5TIn4mQPuHdw1Ph7CYaC8MlkDnz5lZNSNfh4ySEDZ2cyAcSK8jytdRxsiVaJ+RpkzAhFcS73agYGL9kmg1I0hg0DZfJy5GaQpfJM5Yfuw8ByUf0j2fraFq9DXUeqWs3VBZLQ98mHF8SCjdEFAueD7N\/8\/RsXwnd0rDUDZ5EBREI+twZgrpkYBzwH5MGNC2qdGdMB1Z3A9StvWR8yYEY\/FVYJtGyc+Zlp+ttFXjynUI\/VqR864ko650chnXxrURUmc7BREloZ3q9ntF2BpEdaH97PUCLuOvLMz1NdR6sK7duXMwKX1KRfe8SKjdEHg3iQUtylvj1fqKA1zwaHo\/M4r7+5DSXRuoJORMdfgOrPNBcS3NqcG0Y3Uc4rXQ1kph62LpYaopix2ncXh4+G7KeQhWFPycfh4UpBbSR4xFiVxEheHN8yW73Rmxvma+kE2lm6UD59WJ8edOzIKa7ISx4eMkujwayu44GxdxZQE98mczkZ2yoVPlJOtKdiaRsla1dx4hQklBgkYnVMOvy5mZS6NAzolusNmjnbYPUqlM0jiIh\/+eMDF70Fm6W5HBiAplC+N08oZ4eO0gQlp0U4oDvKnvqydGFHahp+F+zriu2FuOcLaEpmvSx+2L\/\/icJFROnJu3irbDUcY1la69Yad8eEc31EE3LhpcC5dgyHsNo7tDZmGnY+w\/4b+9+TCc87WP\/j+aGZbeno9ytfKYectLnONpaRxAAbHzltcdvCgYT77Rvb8T5r+On\/YmhIuNDtnkH+uJQxpn8lkuxnCx+MPI3eOeO2cN9R3nRgHX2cWlrT4NOw\/g\/JbWH+t5Znv5pYjPQtr4bbHWfm94RLHg57oIIQQohk0UxJCCNEMMkpCCCGaQUZJCCFEM8goCSGEaAYZJSGEEM0goySEEKIZZJSEEEI0g4ySEEKIZpBREkII0QwySkIIIZpBRkkIIUQzyCgJIYRoBhklIYQQzSCjJIQQohlklIQQQjSDjJIQQohmkFESQgjRDDJKQgghmkFGSQghRDPIKAkhhGgGGSUhhBCNsNn8P2mwk7Oh\/VsAAAAAAElFTkSuQmCC\" alt=\"\"><\/p>\n\n\n\n<p class=\"has-background\" style=\"background-color:#5858615c\"><strong>Parikkalan Valo Oy<\/strong><\/p>\n\n\n\n<p class=\"has-background\" style=\"background-color:#5858615c\">&#8220;<em>Parikkalan Valo Oy on vuonna 1936 Parikkalassa alueen s\u00e4hk\u00f6ist\u00e4mist\u00e4 varten perustettu energiayhti\u00f6. S\u00e4hk\u00f6istyksen edetess\u00e4 ja s\u00e4hk\u00f6yhti\u00f6iden yhdistymisten my\u00f6t\u00e4 s\u00e4hk\u00f6njakeluvastuualue on laajentunut kolmen maakunnan ja viiden kunnan alueille. Parikkalan Valo Oy:n p\u00e4\u00e4asiallinen omistus on yksityisill\u00e4 henkil\u00f6ill\u00e4<\/em><br><br> <em>Parikkalan ju-jutsussa vahvasti mukana !!! &#8220;<\/em><br><a href=\"https:\/\/parikkalanvalo.fi\/\" target=\"_blank\" rel=\"noreferrer noopener\">https:\/\/parikkalanvalo.fi<\/a>\/<\/p>\n\n\n\n<figure class=\"wp-block-image size-full\"><img loading=\"lazy\" decoding=\"async\" width=\"255\" height=\"47\" src=\"https:\/\/ju-jutsu.fi\/wp-content\/uploads\/2023\/11\/image.png\" alt=\"\" class=\"wp-image-127\"\/><\/figure>\n\n\n\n<p class=\"has-background\" style=\"background-color:#5858615c\"><strong>PIILIN KELLO JA KULTA<\/strong><\/p>\n\n\n\n<p class=\"has-background\" style=\"background-color:#5858615c\">&#8220;<em>Piilin Kello ja Kulta on yli 100 vuoden perinteill\u00e4 palveleva kultasep\u00e4nliike, josta saat my\u00f6s asiantuntevat kellosep\u00e4n palvelut ja kotiavainten valmistukset. Tervetuloa!<\/em><br><br> <em>Parikkalan ju-jutsussa vahvasti mukana !!! &#8220;<\/em><br><a href=\"https:\/\/www.piilinkellojakulta.com\/\" target=\"_blank\" rel=\"noreferrer noopener\">https:\/\/www.piilinkellojakulta.com\/<\/a><\/p>\n\n\n\n<p class=\"has-background\" style=\"background-color:#5858615c\"><strong>MIKSA-TILI OY<\/strong> \/ Tilipalvelut <a href=\"https:\/\/www.miksa-tili.net\/\" target=\"_blank\" rel=\"noreferrer noopener\">https:\/\/www.miksa-tili.net\/<\/a><\/p>\n\n\n\n<p><\/p>\n<\/div><\/div>\n","protected":false},"excerpt":{"rendered":"<p>Meill\u00e4 on hyv\u00e4t harraste tilat Parikkalassa ja pysty\u00e4ksemme tarjoamaan harrastajille j\u00e4rkev\u00e4n ja matalan kynnyksen harrastuksen, tarvitsemme toimintamme tueksi teit\u00e4; yrityksi\u00e4 ja sponsoreita. Teid\u00e4n tukenne auttaa pit\u00e4m\u00e4\u00e4n harrastus kustannukset j\u00e4rkevin\u00e4 ja varmistaa laadukas harjoittelu. Tarjoamme yrityksille erilaisia mainos\/sponsori\/yhteisty\u00f6 ehdotelmia, jolloin molemmat hy\u00f6tyv\u00e4t yhteisty\u00f6st\u00e4. Mik\u00e4li sinua kiinnostaa, ota yhteytt\u00e4 seuraan. My\u00f6s jos yrityst\u00e4si kiinnostaa tyky-p\u00e4iv\u00e4 itsepuolustuksellisen liikunnan &#8230; <a title=\"Sponsorit ja yhteisty\u00f6kumppanit\" class=\"read-more\" href=\"https:\/\/ju-jutsu.fi\/index.php\/sponsorit-ja-yhteistyokumppanit\/\" aria-label=\"Read more about Sponsorit ja yhteisty\u00f6kumppanit\">Read more<\/a><\/p>\n","protected":false},"author":1,"featured_media":0,"parent":0,"menu_order":0,"comment_status":"closed","ping_status":"closed","template":"","meta":{"footnotes":""},"class_list":["post-48","page","type-page","status-publish"],"_links":{"self":[{"href":"https:\/\/ju-jutsu.fi\/index.php\/wp-json\/wp\/v2\/pages\/48","targetHints":{"allow":["GET"]}}],"collection":[{"href":"https:\/\/ju-jutsu.fi\/index.php\/wp-json\/wp\/v2\/pages"}],"about":[{"href":"https:\/\/ju-jutsu.fi\/index.php\/wp-json\/wp\/v2\/types\/page"}],"author":[{"embeddable":true,"href":"https:\/\/ju-jutsu.fi\/index.php\/wp-json\/wp\/v2\/users\/1"}],"replies":[{"embeddable":true,"href":"https:\/\/ju-jutsu.fi\/index.php\/wp-json\/wp\/v2\/comments?post=48"}],"version-history":[{"count":41,"href":"https:\/\/ju-jutsu.fi\/index.php\/wp-json\/wp\/v2\/pages\/48\/revisions"}],"predecessor-version":[{"id":244,"href":"https:\/\/ju-jutsu.fi\/index.php\/wp-json\/wp\/v2\/pages\/48\/revisions\/244"}],"wp:attachment":[{"href":"https:\/\/ju-jutsu.fi\/index.php\/wp-json\/wp\/v2\/media?parent=48"}],"curies":[{"name":"wp","href":"https:\/\/api.w.org\/{rel}","templated":true}]}}