{"id":40,"date":"2023-05-07T20:11:20","date_gmt":"2023-05-07T19:11:20","guid":{"rendered":"https:\/\/ju-jutsu.fi\/?page_id=40"},"modified":"2024-03-13T17:25:27","modified_gmt":"2024-03-13T17:25:27","slug":"yhteistiedot","status":"publish","type":"page","link":"https:\/\/ju-jutsu.fi\/index.php\/yhteistiedot\/","title":{"rendered":"Yhteystiedot"},"content":{"rendered":"\n<p><strong>Tatami<\/strong><\/p>\n\n\n\n<p>Kiipolantie 2, Parikkala, Finland, 59100 (K\u00e4ynti pihan per\u00e4lt\u00e4 takaa ovelta. Kyll\u00e4, se on hiukan piilossa)<\/p>\n\n\n\n<p><strong>Yhteystiedot<\/strong><\/p>\n\n\n\n<p>Sensei Jani Ter\u00e4v\u00e4 1. Dan<\/p>\n\n\n\n<ul class=\"wp-block-list\">\n<li>+358 40 8331 664<\/li>\n<\/ul>\n\n\n\n<ul class=\"wp-block-list\">\n<li>parikkalanjujutsu@gmail.com<\/li>\n<\/ul>\n\n\n\n<p>Facebook:<\/p>\n\n\n\n<p><a href=\"https:\/\/www.facebook.com\/parikkalanjujutsu\">https:\/\/www.facebook.com\/parikkalanjujutsu<\/a><\/p>\n","protected":false},"excerpt":{"rendered":"<p>Tatami Kiipolantie 2, Parikkala, Finland, 59100 (K\u00e4ynti pihan per\u00e4lt\u00e4 takaa ovelta. Kyll\u00e4, se on hiukan piilossa) Yhteystiedot Sensei Jani Ter\u00e4v\u00e4 1. Dan Facebook: https:\/\/www.facebook.com\/parikkalanjujutsu<\/p>\n","protected":false},"author":1,"featured_media":0,"parent":0,"menu_order":0,"comment_status":"closed","ping_status":"closed","template":"","meta":{"footnotes":""},"class_list":["post-40","page","type-page","status-publish"],"_links":{"self":[{"href":"https:\/\/ju-jutsu.fi\/index.php\/wp-json\/wp\/v2\/pages\/40","targetHints":{"allow":["GET"]}}],"collection":[{"href":"https:\/\/ju-jutsu.fi\/index.php\/wp-json\/wp\/v2\/pages"}],"about":[{"href":"https:\/\/ju-jutsu.fi\/index.php\/wp-json\/wp\/v2\/types\/page"}],"author":[{"embeddable":true,"href":"https:\/\/ju-jutsu.fi\/index.php\/wp-json\/wp\/v2\/users\/1"}],"replies":[{"embeddable":true,"href":"https:\/\/ju-jutsu.fi\/index.php\/wp-json\/wp\/v2\/comments?post=40"}],"version-history":[{"count":5,"href":"https:\/\/ju-jutsu.fi\/index.php\/wp-json\/wp\/v2\/pages\/40\/revisions"}],"predecessor-version":[{"id":143,"href":"https:\/\/ju-jutsu.fi\/index.php\/wp-json\/wp\/v2\/pages\/40\/revisions\/143"}],"wp:attachment":[{"href":"https:\/\/ju-jutsu.fi\/index.php\/wp-json\/wp\/v2\/media?parent=40"}],"curies":[{"name":"wp","href":"https:\/\/api.w.org\/{rel}","templated":true}]}}