{"id":102,"date":"2023-06-12T21:30:52","date_gmt":"2023-06-12T20:30:52","guid":{"rendered":"https:\/\/ju-jutsu.fi\/?page_id=102"},"modified":"2024-08-10T16:11:18","modified_gmt":"2024-08-10T13:11:18","slug":"peruskurssille","status":"publish","type":"page","link":"https:\/\/ju-jutsu.fi\/index.php\/peruskurssille\/","title":{"rendered":"Peruskurssille?"},"content":{"rendered":"\n<p>Pid\u00e4mme yleens\u00e4 peruskursseja syksyll\u00e4 ja alkuvuodesta. Kysy lis\u00e4\u00e4. Mutta my\u00f6s muulloin p\u00e4\u00e4see mukaan, eli jos tuntuu ett\u00e4 kiinnostusta olisi, laita viesti\u00e4 tai soita!!<\/p>\n\n\n\n<p>Treenit 2024<\/p>\n\n\n\n<p>Kiipolan Tatamilla:<\/p>\n\n\n\n<p>Ti &amp; To       18:00 &#8211; 19:30<br>La               14.00 &#8211; 15.30 (Kysy \/ varmista)<\/p>\n\n\n\n<ul class=\"wp-block-list\">\n<li>Laji sopii kaikille, olit sitten kuntoilija, tai haluat kehitt\u00e4\u00e4 itse\u00e4si. <\/li>\n\n\n\n<li>Tule kokeilemaan!!<\/li>\n\n\n\n<li>Peruskursseilla opitaan lajin perustekniikat, jotka antavat hyv\u00e4t valmiudet niin perus itsepuolustukseen kuin lajin perusharjoitteluun.<\/li>\n\n\n\n<li>Aikaisempaa kokemusta et tarvitse.<\/li>\n\n\n\n<li>Harjoituksissa treenataan my\u00f6s yleisi\u00e4 liikunta taitoja ja kehitet\u00e4\u00e4n kuntoa.<\/li>\n\n\n\n<li>Hokutoryu ju-jutsu on itsepuolustuspainotteinen monipuolinen kamppailulaji ja peruskurssit kest\u00e4v\u00e4t noin kolme kuukautta.<\/li>\n\n\n\n<li>Harjoitukset pidet\u00e4\u00e4n Kiipolan tatamilla (Kiipolantie 2, 59100 Parikkala, k\u00e4ynti rakennuksen \/ pihan per\u00e4lt\u00e4) tiistaisin ja torstaisin klo 18-19:30 2024 \/ toistaiseksi.<\/li>\n\n\n\n<li>Toivomme ennakko ilmoittautumista, mutta peruskurssin alkaessa voit tulla my\u00f6s paikalle suoraan.<\/li>\n\n\n\n<li>Peruskurssin kaksi ensimm\u00e4ist\u00e4 viikkoa \/ 4 kertaa on ilmaisia, jonka aikana voi tulla mukaan kokeilemaan.<\/li>\n\n\n\n<li>Kurssin ik\u00e4raja on 15v.<\/li>\n\n\n\n<li>Tervetuloa kokeilemaan ja mukaan osaksi huikeaa seurayhteis\u00f6\u00e4mme!<\/li>\n\n\n\n<li>Lis\u00e4tiedot \/ ilmoittautuminen \/ Ota yhteytt\u00e4:<\/li>\n\n\n\n<li>040 833 1664 tai <a href=\"mailto:parikkalanjujutsu@gmail.com\">parikkalanjujutsu@gmail.com<\/a><\/li>\n\n\n\n<li><a rel=\"noreferrer noopener\" href=\"https:\/\/l.facebook.com\/l.php?u=http%3A%2F%2FWww.Ju-jutsu.fi%2F%3Ffbclid%3DIwAR0W0ot4ifR3RGyOt023zDCy3ZxCccbmnaqr71vrAg4IsgHVnFBOmFLh2Gs&amp;h=AT1l1Ukh8shlFJbJm5eePvRUIP4ySZkmYH208wy4QFyG8RbfFLw-CMbSaFQxLCbQ5gKV7en07mbVKectqC_YNJ9cVVn3QMhHiShUhotWOIu0ff0CNeCOVZyUlKP6Uc93P0_D&amp;__tn__=-UK-R&amp;c[0]=AT1XdqMMy2IHP12_N4SEgazctLR2f6nCdDkza2iTXwWeTfk7KD3S5HUAhVHno9FLFnbYERX91tKRmn4CLXL7pr9cxfiqu9x1xKEX7DdK-EDK9lKrn9tEXbNlEX7zh2ajuoyKCT6HQNFve9fgn9_mui1Q5q8HzdVV-0WqPW6TD6qvie90AiewCb_-UKxunOvBHUdGIpXpeK_Wgp1CXAPrAUeY\" target=\"_blank\">Www.Ju-jutsu.fi<\/a><\/li>\n\n\n\n<li>Katso lis\u00e4\u00e4 Hokutoryu Ju-Jutsusta Facebook sivuiltamme.<\/li>\n\n\n\n<li>P\u00e4ivit\u00e4mme sivua my\u00f6hemmin lis\u00e4\u00e4..<\/li>\n<\/ul>\n\n\n\n<figure class=\"wp-block-embed is-type-video is-provider-youtube wp-block-embed-youtube wp-embed-aspect-16-9 wp-has-aspect-ratio\"><div class=\"wp-block-embed__wrapper\">\n<iframe loading=\"lazy\" title=\"Parikkalan Ju-jutsu - Peruskurssille?\" width=\"1200\" height=\"675\" src=\"https:\/\/www.youtube.com\/embed\/JlLk2FptZwA?feature=oembed\" frameborder=\"0\" allow=\"accelerometer; autoplay; clipboard-write; encrypted-media; gyroscope; picture-in-picture; web-share\" referrerpolicy=\"strict-origin-when-cross-origin\" allowfullscreen><\/iframe>\n<\/div><\/figure>\n","protected":false},"excerpt":{"rendered":"<p>Pid\u00e4mme yleens\u00e4 peruskursseja syksyll\u00e4 ja alkuvuodesta. Kysy lis\u00e4\u00e4. Mutta my\u00f6s muulloin p\u00e4\u00e4see mukaan, eli jos tuntuu ett\u00e4 kiinnostusta olisi, laita viesti\u00e4 tai soita!! Treenit 2024 Kiipolan Tatamilla: Ti &amp; To 18:00 &#8211; 19:30La 14.00 &#8211; 15.30 (Kysy \/ varmista)<\/p>\n","protected":false},"author":1,"featured_media":0,"parent":0,"menu_order":0,"comment_status":"closed","ping_status":"closed","template":"","meta":{"footnotes":""},"class_list":["post-102","page","type-page","status-publish"],"_links":{"self":[{"href":"https:\/\/ju-jutsu.fi\/index.php\/wp-json\/wp\/v2\/pages\/102","targetHints":{"allow":["GET"]}}],"collection":[{"href":"https:\/\/ju-jutsu.fi\/index.php\/wp-json\/wp\/v2\/pages"}],"about":[{"href":"https:\/\/ju-jutsu.fi\/index.php\/wp-json\/wp\/v2\/types\/page"}],"author":[{"embeddable":true,"href":"https:\/\/ju-jutsu.fi\/index.php\/wp-json\/wp\/v2\/users\/1"}],"replies":[{"embeddable":true,"href":"https:\/\/ju-jutsu.fi\/index.php\/wp-json\/wp\/v2\/comments?post=102"}],"version-history":[{"count":9,"href":"https:\/\/ju-jutsu.fi\/index.php\/wp-json\/wp\/v2\/pages\/102\/revisions"}],"predecessor-version":[{"id":237,"href":"https:\/\/ju-jutsu.fi\/index.php\/wp-json\/wp\/v2\/pages\/102\/revisions\/237"}],"wp:attachment":[{"href":"https:\/\/ju-jutsu.fi\/index.php\/wp-json\/wp\/v2\/media?parent=102"}],"curies":[{"name":"wp","href":"https:\/\/api.w.org\/{rel}","templated":true}]}}